{"id":265,"date":"2021-04-14T14:39:34","date_gmt":"2021-04-14T12:39:34","guid":{"rendered":"http:\/\/www.snam-groupe.com\/?page_id=265"},"modified":"2021-09-30T14:05:15","modified_gmt":"2021-09-30T12:05:15","slug":"je-contact","status":"publish","type":"page","link":"http:\/\/www.snam-groupe.com\/en\/je-contact\/","title":{"rendered":"Contact"},"content":{"rendered":"<div data-colibri-id=\"265-c1\" class=\"style-295 style-local-265-c1 position-relative\">\n  <!---->\n  <div data-colibri-component=\"section\" data-colibri-id=\"265-c2\" id=\"contact\" class=\"h-section h-section-global-spacing d-flex align-items-lg-center align-items-md-center align-items-center style-310 style-local-265-c2 position-relative\">\n    <!---->\n    <!---->\n    <div class=\"h-section-grid-container h-section-fluid-container\">\n      <!---->\n      <div data-colibri-id=\"265-c3\" class=\"h-row-container gutters-row-lg-0 gutters-row-md-3 gutters-row-0 gutters-row-v-lg-0 gutters-row-v-md-3 gutters-row-v-0 style-313 style-local-265-c3 position-relative\">\n        <!---->\n        <div class=\"h-row justify-content-lg-center justify-content-md-center justify-content-center align-items-lg-stretch align-items-md-stretch align-items-stretch gutters-col-lg-0 gutters-col-md-3 gutters-col-0 gutters-col-v-lg-0 gutters-col-v-md-3 gutters-col-v-0\">\n          <!---->\n          <div class=\"h-column h-column-container d-flex h-col-lg-auto h-col-md-auto h-col-auto style-315-outer style-local-265-c4-outer\">\n            <div data-colibri-id=\"265-c4\" class=\"d-flex h-flex-basis h-column__inner h-px-lg-0 h-px-md-0 h-px-0 v-inner-lg-0 v-inner-md-0 v-inner-0 style-315 style-local-265-c4 position-relative\">\n              <!---->\n              <!---->\n              <div class=\"w-100 h-y-container h-column__content h-column__v-align flex-basis-100 align-self-lg-center align-self-md-center align-self-center\">\n                <!---->\n                <div data-colibri-id=\"265-c5\" class=\"h-global-transition-all h-heading style-318 style-local-265-c5 position-relative h-element\">\n                  <!---->\n                  <div class=\"h-heading__outer style-318 style-local-265-c5\">\n                    <!---->\n                    <!---->\n                    <h4 class=\"\"><span style=\"font-weight: 400; font-size: 81%;\">suivez nous sur<\/span><\/h4>\n                  <\/div>\n                <\/div>\n                <div data-colibri-id=\"265-c6\" class=\"style-319 style-local-265-c6 position-relative h-element\">\n                  <!---->\n                  <div class=\"d-flex flex-wrap h-social-icons justify-content-lg-center justify-content-md-center justify-content-center\">\n                    <div class=\"social-icon-container d-inline-flex\">\n                      <a href=\"https:\/\/www.linkedin.com\/company\/snam-groupe\" h-use-smooth-scroll=\"true\">\n                        <div class=\"icon-container h-social-icon h-global-transition\">\n                          <div class=\"h-icon-svg\" style=\"width: 100%; height: 100%;\">\n                            <!--Icon by Socicon (http:\/\/www.socicon.com)-->\n                            <svg version=\"1.1\" xmlns=\"http:\/\/www.w3.org\/2000\/svg\" viewbox=\"0 0 1500 1500\">\n\n                              <path d=\"M1122.070 767.578c-20.508-23.438-55.664-35.156-105.469-35.156-64.453 0-108.398 20.508-134.766 55.664-26.367 38.086-38.086 90.82-38.086 158.203v512.695c0 8.789-2.93 17.578-11.719 26.367-5.859 5.859-17.578 11.719-26.367 11.719h-269.531c-8.789 0-17.578-5.859-26.367-11.719-5.859-8.789-11.719-17.578-11.719-26.367v-946.289c0-8.789 5.859-17.578 11.719-26.367 8.789-5.859 17.578-11.719 26.367-11.719h260.742c8.789 0 17.578 2.93 23.438 5.859s8.789 11.719 11.719 20.508c0 8.789 2.93 17.578 2.93 20.508s0 11.719 0 23.438c67.383-64.453 158.203-93.75 266.602-93.75 125.977 0 222.656 29.297 292.969 90.82 70.313 64.453 105.469 155.273 105.469 278.32v638.672c0 8.789-2.93 17.578-11.719 26.367-5.859 5.859-17.578 11.719-26.367 11.719h-275.391c-8.789 0-17.578-5.859-26.367-11.719-5.859-8.789-11.719-17.578-11.719-26.367v-577.148c0-49.805-8.789-87.891-26.367-114.258zM310.547 313.477c-35.156 35.156-79.102 52.734-128.906 52.734s-93.75-17.578-128.906-52.734c-35.156-35.156-52.734-76.172-52.734-128.906 0-49.805 17.578-90.82 52.734-125.977s79.102-55.664 128.906-55.664c49.805 0 93.75 20.508 128.906 55.664s52.734 76.172 52.734 125.977c0 52.734-17.578 93.75-52.734 128.906zM354.492 512.695v946.289c0 8.789-5.859 17.578-11.719 26.367-8.789 5.859-17.578 11.719-26.367 11.719h-269.531c-8.789 0-17.578-5.859-26.367-11.719-5.859-8.789-11.719-17.578-11.719-26.367v-946.289c0-8.789 5.859-17.578 11.719-26.367 8.789-5.859 17.578-11.719 26.367-11.719h269.531c8.789 0 17.578 5.859 26.367 11.719 5.859 8.789 11.719 17.578 11.719 26.367z\"><\/path>\n                            <\/svg>\n                          <\/div>\n                        <\/div>\n                      <\/a>\n                    <\/div>\n                  <\/div>\n                <\/div>\n                <div data-colibri-id=\"265-c7\" class=\"h-contact-form__outer--forminator style-316 style-local-265-c7 position-relative h-element\">\n                  <!---->\n                  <div class=\"h-global-transition-all h-global-transition h-global-transition-all h-contact-form-shortcode\"><div class=\"forminator-ui forminator-custom-form forminator-custom-form-264 forminator-design--material  forminator_ajax\" data-forminator-render=\"0\" data-form=\"forminator-module-264\" data-uid=\"69e8bd13bc86d\"><br\/><\/div><form\n\t\t\t\tid=\"forminator-module-264\"\n\t\t\t\tclass=\"forminator-ui forminator-custom-form forminator-custom-form-264 forminator-design--material  forminator_ajax\"\n\t\t\t\tmethod=\"post\"\n\t\t\t\tdata-forminator-render=\"0\"\n\t\t\t\tdata-form-id=\"264\"\n\t\t\t\t\n\t\t\t\tdata-design=\"material\"\n\t\t\t\t\n\t\t\t\t\n\t\t\t\t\n\t\t\t\tdata-grid=\"open\"\n\t\t\t\t\n\t\t\t\t\n\t\t\t\tstyle=\"display: none;\"\n\t\t\t\t\n\t\t\t\tdata-uid=\"69e8bd13bc86d\" action=\"\"\n\t\t\t><div role=\"alert\" aria-live=\"polite\" class=\"forminator-response-message forminator-error\" aria-hidden=\"true\"><\/div><div class=\"forminator-row\"><div id=\"name-1\" class=\"forminator-col forminator-col-12\"><div class=\"forminator-field\"><label for=\"forminator-field-name-1_69e8bd13bc86d\" class=\"forminator-label\" id=\"forminator-field-name-1_69e8bd13bc86d-label\">Nom Pr\u00e9nom <span class=\"forminator-required\">*<\/span><\/label><input type=\"text\" name=\"name-1\" value=\"\" placeholder=\"Par exemple\u00a0: Jean\" id=\"forminator-field-name-1_69e8bd13bc86d\" class=\"forminator-input forminator-name--field\" aria-required=\"true\" \/><\/div><\/div><\/div><div class=\"forminator-row\"><div id=\"email-1\" class=\"forminator-col forminator-col-12\"><div class=\"forminator-field\"><label for=\"forminator-field-email-1_69e8bd13bc86d\" class=\"forminator-label\" id=\"forminator-field-email-1_69e8bd13bc86d-label\">Adresse de messagerie <span class=\"forminator-required\">*<\/span><\/label><input type=\"email\" name=\"email-1\" value=\"\" placeholder=\"Par exemple\u00a0: jean.petit@industrie.com\" id=\"forminator-field-email-1_69e8bd13bc86d\" class=\"forminator-input forminator-email--field\" data-required=\"true\" aria-required=\"true\" \/><\/div><\/div><\/div><div class=\"forminator-row\"><div id=\"name-3\" class=\"forminator-col forminator-col-12\"><div class=\"forminator-field\"><label for=\"forminator-field-name-3_69e8bd13bc86d\" class=\"forminator-label\" id=\"forminator-field-name-3_69e8bd13bc86d-label\">Nom de la soci\u00e9t\u00e9<\/label><input type=\"text\" name=\"name-3\" value=\"\" placeholder=\"\" id=\"forminator-field-name-3_69e8bd13bc86d\" class=\"forminator-input forminator-name--field\" aria-required=\"false\" \/><\/div><\/div><\/div><div class=\"forminator-row\"><div id=\"textarea-1\" class=\"forminator-col forminator-col-12\"><div class=\"forminator-field\"><label for=\"forminator-field-textarea-1_69e8bd13bc86d\" id=\"forminator-field-textarea-1_69e8bd13bc86d-label\" class=\"forminator-label\">Message<\/label><textarea name=\"textarea-1\" placeholder=\"Saisissez votre message\u2026\" id=\"forminator-field-textarea-1_69e8bd13bc86d\" class=\"forminator-textarea\" rows=\"6\" style=\"min-height:140px;\" maxlength=\"1000\" ><\/textarea><span id=\"forminator-field-textarea-1_69e8bd13bc86d-description\" class=\"forminator-description\"><span data-limit=\"1000\" data-type=\"characters\">0 \/ 1000<\/span><\/span><\/div><\/div><\/div><div class=\"forminator-row\"><div id=\"captcha-1\" class=\"forminator-col forminator-col-12\"><div class=\"forminator-g-recaptcha\" data-theme=\"light\"  data-sitekey=\"6LcpqfQaAAAAAJU8hxCawMxdso-0KLBlYFRbt80R\" data-size=\"normal\"><\/div> <\/div><\/div><input type=\"hidden\" name=\"referer_url\" value=\"\" \/><div class=\"forminator-row forminator-row-last\"><div class=\"forminator-col\"><div class=\"forminator-field\"><button class=\"forminator-button forminator-button-submit\"><span>Envoyer le message<\/span><span aria-hidden=\"true\"><\/span><\/button><\/div><\/div><\/div><input type=\"hidden\" id=\"forminator_nonce\" name=\"forminator_nonce\" value=\"aba61e13b8\" \/><input type=\"hidden\" name=\"_wp_http_referer\" value=\"\/en\/wp-json\/wp\/v2\/pages\/265\" \/><input type=\"hidden\" name=\"form_id\" value=\"264\"><input type=\"hidden\" name=\"page_id\" value=\"265\"><input type=\"hidden\" name=\"form_type\" value=\"default\"><input type=\"hidden\" name=\"current_url\" value=\"http:\/\/www.snam-groupe.com\/en\/je-contact\/\"><input type=\"hidden\" name=\"render_id\" value=\"0\"><input type=\"hidden\" name=\"action\" value=\"forminator_submit_form_custom-forms\"><label for=\"input_5\" class=\"forminator-hidden\" aria-hidden=\"true\">Please do not fill in this field. <input id=\"input_5\" type=\"text\" name=\"input_5\" value=\"\" autocomplete=\"off\"><\/label><input type=\"hidden\" name=\"trp-form-language\" value=\"en\"\/><\/form><\/div>\n                <\/div>\n              <\/div>\n            <\/div>\n          <\/div>\n        <\/div>\n      <\/div>\n    <\/div>\n  <\/div>\n<\/div>","protected":false},"excerpt":{"rendered":"<p>suivez nous sur<\/p>","protected":false},"author":1,"featured_media":0,"parent":0,"menu_order":0,"comment_status":"closed","ping_status":"closed","template":"page-templates\/homepage.php","meta":{"inline_featured_image":false,"footnotes":""},"class_list":["post-265","page","type-page","status-publish","hentry"],"yoast_head":"<!-- This site is optimized with the Yoast SEO plugin v24.9 - https:\/\/yoast.com\/wordpress\/plugins\/seo\/ -->\n<title>SNAM Groupe &#8211; Contact<\/title>\n<meta name=\"description\" content=\"Les collaborateurs SNAM GROUPE sont \u00e0 votre disposition du lundi au vendredi % de 9h \u00e0 17h. Vous pouvez les contacter au 05 65 43 77 30.\" \/>\n<meta name=\"robots\" content=\"index, follow, max-snippet:-1, max-image-preview:large, max-video-preview:-1\" \/>\n<link rel=\"canonical\" href=\"http:\/\/www.snam-groupe.com\/en\/je-contact\/\" \/>\n<meta property=\"og:locale\" content=\"en_US\" \/>\n<meta property=\"og:type\" content=\"article\" \/>\n<meta property=\"og:title\" content=\"SNAM Groupe &#8211; Contact\" \/>\n<meta property=\"og:description\" content=\"Les collaborateurs SNAM GROUPE sont \u00e0 votre disposition du lundi au vendredi % de 9h \u00e0 17h. Vous pouvez les contacter au 05 65 43 77 30.\" \/>\n<meta property=\"og:url\" content=\"http:\/\/www.snam-groupe.com\/en\/je-contact\/\" \/>\n<meta property=\"og:site_name\" content=\"SNAM Groupe\" \/>\n<meta property=\"article:modified_time\" content=\"2021-09-30T12:05:15+00:00\" \/>\n<meta name=\"twitter:card\" content=\"summary_large_image\" \/>\n<script type=\"application\/ld+json\" class=\"yoast-schema-graph\">{\"@context\":\"https:\/\/schema.org\",\"@graph\":[{\"@type\":\"WebPage\",\"@id\":\"https:\/\/www.snam-groupe.com\/je-contact\/\",\"url\":\"https:\/\/www.snam-groupe.com\/je-contact\/\",\"name\":\"SNAM Groupe &#8211; Contact\",\"isPartOf\":{\"@id\":\"https:\/\/www.snam-groupe.com\/#website\"},\"datePublished\":\"2021-04-14T12:39:34+00:00\",\"dateModified\":\"2021-09-30T12:05:15+00:00\",\"description\":\"Les collaborateurs SNAM GROUPE sont \u00e0 votre disposition du lundi au vendredi % de 9h \u00e0 17h. Vous pouvez les contacter au 05 65 43 77 30.\",\"breadcrumb\":{\"@id\":\"https:\/\/www.snam-groupe.com\/je-contact\/#breadcrumb\"},\"inLanguage\":\"en-US\",\"potentialAction\":[{\"@type\":\"ReadAction\",\"target\":[\"https:\/\/www.snam-groupe.com\/je-contact\/\"]}]},{\"@type\":\"BreadcrumbList\",\"@id\":\"https:\/\/www.snam-groupe.com\/je-contact\/#breadcrumb\",\"itemListElement\":[{\"@type\":\"ListItem\",\"position\":1,\"name\":\"Accueil\",\"item\":\"https:\/\/www.snam-groupe.com\/\"},{\"@type\":\"ListItem\",\"position\":2,\"name\":\"Contact\"}]},{\"@type\":\"WebSite\",\"@id\":\"https:\/\/www.snam-groupe.com\/#website\",\"url\":\"https:\/\/www.snam-groupe.com\/\",\"name\":\"SNAM GROUPE\",\"description\":\"La synergie pour l&#039;Environnement\",\"publisher\":{\"@id\":\"https:\/\/www.snam-groupe.com\/#organization\"},\"potentialAction\":[{\"@type\":\"SearchAction\",\"target\":{\"@type\":\"EntryPoint\",\"urlTemplate\":\"https:\/\/www.snam-groupe.com\/?s={search_term_string}\"},\"query-input\":{\"@type\":\"PropertyValueSpecification\",\"valueRequired\":true,\"valueName\":\"search_term_string\"}}],\"inLanguage\":\"en-US\"},{\"@type\":\"Organization\",\"@id\":\"https:\/\/www.snam-groupe.com\/#organization\",\"name\":\"SNAM GROUPE\",\"url\":\"https:\/\/www.snam-groupe.com\/\",\"logo\":{\"@type\":\"ImageObject\",\"inLanguage\":\"en-US\",\"@id\":\"https:\/\/www.snam-groupe.com\/#\/schema\/logo\/image\/\",\"url\":\"https:\/\/www.snam-groupe.com\/wp-content\/uploads\/2021\/09\/logo-SNAM-GROUPE.svg\",\"contentUrl\":\"https:\/\/www.snam-groupe.com\/wp-content\/uploads\/2021\/09\/logo-SNAM-GROUPE.svg\",\"width\":70.55556,\"height\":20.52042,\"caption\":\"SNAM GROUPE\"},\"image\":{\"@id\":\"https:\/\/www.snam-groupe.com\/#\/schema\/logo\/image\/\"},\"sameAs\":[\"https:\/\/www.linkedin.com\/company\/snam-groupe\/\"]}]}<\/script>\n<!-- \/ Yoast SEO plugin. -->","yoast_head_json":{"title":"SNAM Groupe &#8211; Contact","description":"Les collaborateurs SNAM GROUPE sont \u00e0 votre disposition du lundi au vendredi % de 9h \u00e0 17h. Vous pouvez les contacter au 05 65 43 77 30.","robots":{"index":"index","follow":"follow","max-snippet":"max-snippet:-1","max-image-preview":"max-image-preview:large","max-video-preview":"max-video-preview:-1"},"canonical":"http:\/\/www.snam-groupe.com\/en\/je-contact\/","og_locale":"en_US","og_type":"article","og_title":"SNAM Groupe &#8211; Contact","og_description":"Les collaborateurs SNAM GROUPE sont \u00e0 votre disposition du lundi au vendredi % de 9h \u00e0 17h. Vous pouvez les contacter au 05 65 43 77 30.","og_url":"http:\/\/www.snam-groupe.com\/en\/je-contact\/","og_site_name":"SNAM Groupe","article_modified_time":"2021-09-30T12:05:15+00:00","twitter_card":"summary_large_image","schema":{"@context":"https:\/\/schema.org","@graph":[{"@type":"WebPage","@id":"https:\/\/www.snam-groupe.com\/je-contact\/","url":"https:\/\/www.snam-groupe.com\/je-contact\/","name":"SNAM Groupe &#8211; Contact","isPartOf":{"@id":"https:\/\/www.snam-groupe.com\/#website"},"datePublished":"2021-04-14T12:39:34+00:00","dateModified":"2021-09-30T12:05:15+00:00","description":"Les collaborateurs SNAM GROUPE sont \u00e0 votre disposition du lundi au vendredi % de 9h \u00e0 17h. Vous pouvez les contacter au 05 65 43 77 30.","breadcrumb":{"@id":"https:\/\/www.snam-groupe.com\/je-contact\/#breadcrumb"},"inLanguage":"en-US","potentialAction":[{"@type":"ReadAction","target":["https:\/\/www.snam-groupe.com\/je-contact\/"]}]},{"@type":"BreadcrumbList","@id":"https:\/\/www.snam-groupe.com\/je-contact\/#breadcrumb","itemListElement":[{"@type":"ListItem","position":1,"name":"Accueil","item":"https:\/\/www.snam-groupe.com\/"},{"@type":"ListItem","position":2,"name":"Contact"}]},{"@type":"WebSite","@id":"https:\/\/www.snam-groupe.com\/#website","url":"https:\/\/www.snam-groupe.com\/","name":"SNAM GROUPE","description":"La synergie pour l&#039;Environnement","publisher":{"@id":"https:\/\/www.snam-groupe.com\/#organization"},"potentialAction":[{"@type":"SearchAction","target":{"@type":"EntryPoint","urlTemplate":"https:\/\/www.snam-groupe.com\/?s={search_term_string}"},"query-input":{"@type":"PropertyValueSpecification","valueRequired":true,"valueName":"search_term_string"}}],"inLanguage":"en-US"},{"@type":"Organization","@id":"https:\/\/www.snam-groupe.com\/#organization","name":"SNAM GROUPE","url":"https:\/\/www.snam-groupe.com\/","logo":{"@type":"ImageObject","inLanguage":"en-US","@id":"https:\/\/www.snam-groupe.com\/#\/schema\/logo\/image\/","url":"https:\/\/www.snam-groupe.com\/wp-content\/uploads\/2021\/09\/logo-SNAM-GROUPE.svg","contentUrl":"https:\/\/www.snam-groupe.com\/wp-content\/uploads\/2021\/09\/logo-SNAM-GROUPE.svg","width":70.55556,"height":20.52042,"caption":"SNAM GROUPE"},"image":{"@id":"https:\/\/www.snam-groupe.com\/#\/schema\/logo\/image\/"},"sameAs":["https:\/\/www.linkedin.com\/company\/snam-groupe\/"]}]}},"jetpack-related-posts":[{"id":574,"url":"http:\/\/www.snam-groupe.com\/en\/mentions-legales\/","url_meta":{"origin":265,"position":0},"title":"Mentions L\u00e9gales","author":"adminmarjorie","date":"22 April 2021","format":false,"excerpt":"Mentions L\u00e9gales Article 1 : INFORMATIONS L\u00c9GALES En vertu de l\u2019article 6 de la Loi n\u00b0 2004-575 du 21 juin 2004 pour la confiance dans l\u2019\u00e9conomie num\u00e9rique, il est pr\u00e9cis\u00e9 dans cet article l\u2019identit\u00e9 des diff\u00e9rents intervenants dans le cadre de sa r\u00e9alisation et de son suivi. Le site snam-groupe.com\u2026","rel":"","context":"Similar post","block_context":{"text":"Similar post","link":""},"img":{"alt_text":"","src":"","width":0,"height":0},"classes":[]},{"id":3,"url":"http:\/\/www.snam-groupe.com\/en\/politique-de-confidentialite\/","url_meta":{"origin":265,"position":1},"title":"Politique de confidentialit\u00e9","author":"adminmarjorie","date":"9 April 2021","format":false,"excerpt":"Politique de Confidentialit\u00e9 Article 1 : PR\u00c9AMBULE Cette politique de confidentialit\u00e9 s\u2019applique au site : snam-groupe.com La pr\u00e9sente politique de confidentialit\u00e9 a pour but d\u2019exposer aux utilisateurs du site : \u2013 La mani\u00e8re dont sont collect\u00e9es et trait\u00e9es leurs donn\u00e9es \u00e0 caract\u00e8re personnel. Doivent \u00eatre consid\u00e9r\u00e9es comme donn\u00e9es personnelles toutes\u2026","rel":"","context":"Similar post","block_context":{"text":"Similar post","link":""},"img":{"alt_text":"","src":"","width":0,"height":0},"classes":[]}],"_links":{"self":[{"href":"http:\/\/www.snam-groupe.com\/en\/wp-json\/wp\/v2\/pages\/265","targetHints":{"allow":["GET"]}}],"collection":[{"href":"http:\/\/www.snam-groupe.com\/en\/wp-json\/wp\/v2\/pages"}],"about":[{"href":"http:\/\/www.snam-groupe.com\/en\/wp-json\/wp\/v2\/types\/page"}],"author":[{"embeddable":true,"href":"http:\/\/www.snam-groupe.com\/en\/wp-json\/wp\/v2\/users\/1"}],"replies":[{"embeddable":true,"href":"http:\/\/www.snam-groupe.com\/en\/wp-json\/wp\/v2\/comments?post=265"}],"version-history":[{"count":20,"href":"http:\/\/www.snam-groupe.com\/en\/wp-json\/wp\/v2\/pages\/265\/revisions"}],"predecessor-version":[{"id":3592,"href":"http:\/\/www.snam-groupe.com\/en\/wp-json\/wp\/v2\/pages\/265\/revisions\/3592"}],"wp:attachment":[{"href":"http:\/\/www.snam-groupe.com\/en\/wp-json\/wp\/v2\/media?parent=265"}],"curies":[{"name":"wp","href":"https:\/\/api.w.org\/{rel}","templated":true}]}}